{"id":20327,"date":"2025-03-12T18:22:26","date_gmt":"2025-03-12T18:22:26","guid":{"rendered":"https:\/\/sushinara.com.br\/2025\/?page_id=20327"},"modified":"2025-08-16T13:44:47","modified_gmt":"2025-08-16T13:44:47","slug":"unidadeexpress","status":"publish","type":"page","link":"https:\/\/sushinara.com.br\/2025\/unidadeexpress\/","title":{"rendered":"Unidade Express"},"content":{"rendered":"\t\t<div data-elementor-type=\"wp-page\" data-elementor-id=\"20327\" class=\"elementor elementor-20327\">\n\t\t\t\t\t\t<section class=\"elementor-section elementor-top-section elementor-element elementor-element-17ba5f6 elementor-section-boxed elementor-section-height-default elementor-section-height-default sc_fly_static\" data-id=\"17ba5f6\" data-element_type=\"section\">\n\t\t\t\t\t\t<div class=\"elementor-container elementor-column-gap-extended\">\n\t\t\t\t\t<div class=\"elementor-column elementor-col-100 elementor-top-column elementor-element elementor-element-9f7e24f sc_content_align_inherit sc_layouts_column_icons_position_left sc_fly_static\" data-id=\"9f7e24f\" data-element_type=\"column\">\n\t\t\t<div class=\"elementor-widget-wrap elementor-element-populated\">\n\t\t\t\t\t\t<div class=\"elementor-element elementor-element-710f09a elementor-arrows-position-inside elementor-pagination-position-outside sc_fly_static elementor-widget elementor-widget-image-carousel\" data-id=\"710f09a\" data-element_type=\"widget\" data-settings=\"{&quot;navigation&quot;:&quot;both&quot;,&quot;autoplay&quot;:&quot;yes&quot;,&quot;pause_on_hover&quot;:&quot;yes&quot;,&quot;pause_on_interaction&quot;:&quot;yes&quot;,&quot;autoplay_speed&quot;:5000,&quot;infinite&quot;:&quot;yes&quot;,&quot;speed&quot;:500}\" data-widget_type=\"image-carousel.default\">\n\t\t\t\t<div class=\"elementor-widget-container\">\n\t\t\t\t\t\t\t<div class=\"elementor-image-carousel-wrapper swiper\" role=\"region\" aria-roledescription=\"carousel\" aria-label=\"Carrossel de imagens\" dir=\"ltr\">\n\t\t\t<div class=\"elementor-image-carousel swiper-wrapper swiper-image-stretch\" aria-live=\"off\">\n\t\t\t\t\t\t\t\t<div class=\"swiper-slide\" role=\"group\" aria-roledescription=\"slide\" aria-label=\"1 de 7\"><figure class=\"swiper-slide-inner\"><img decoding=\"async\" class=\"swiper-slide-image\" src=\"https:\/\/sushinara.com.br\/2025\/wp-content\/uploads\/2025\/08\/IMG-20250130-WA0100-1290x725.jpg\" alt=\"IMG-20250130-WA0100\" \/><\/figure><\/div><div class=\"swiper-slide\" role=\"group\" aria-roledescription=\"slide\" aria-label=\"2 de 7\"><figure class=\"swiper-slide-inner\"><img decoding=\"async\" class=\"swiper-slide-image\" src=\"https:\/\/sushinara.com.br\/2025\/wp-content\/uploads\/2025\/08\/sushinara_express_04-1290x725.jpg\" alt=\"sushinara_express_04\" \/><\/figure><\/div><div class=\"swiper-slide\" role=\"group\" aria-roledescription=\"slide\" aria-label=\"3 de 7\"><figure class=\"swiper-slide-inner\"><img decoding=\"async\" class=\"swiper-slide-image\" src=\"https:\/\/sushinara.com.br\/2025\/wp-content\/uploads\/2025\/02\/IMG_9680-1290x725.jpeg\" alt=\"IMG_9680\" \/><\/figure><\/div><div class=\"swiper-slide\" role=\"group\" aria-roledescription=\"slide\" aria-label=\"4 de 7\"><figure class=\"swiper-slide-inner\"><img decoding=\"async\" class=\"swiper-slide-image\" src=\"https:\/\/sushinara.com.br\/2025\/wp-content\/uploads\/2025\/08\/sushinara_express_05-1-scaled-e1755346095374-1290x725.jpg\" alt=\"sushinara_express_05\" \/><\/figure><\/div><div class=\"swiper-slide\" role=\"group\" aria-roledescription=\"slide\" aria-label=\"5 de 7\"><figure class=\"swiper-slide-inner\"><img decoding=\"async\" class=\"swiper-slide-image\" src=\"https:\/\/sushinara.com.br\/2025\/wp-content\/uploads\/2025\/08\/sushinara_express_01-1290x725.jpg\" alt=\"sushinara_express_01\" \/><\/figure><\/div><div class=\"swiper-slide\" role=\"group\" aria-roledescription=\"slide\" aria-label=\"6 de 7\"><figure class=\"swiper-slide-inner\"><img decoding=\"async\" class=\"swiper-slide-image\" src=\"https:\/\/sushinara.com.br\/2025\/wp-content\/uploads\/2025\/08\/sushinara_express_03-1290x725.jpg\" alt=\"sushinara_express_03\" \/><\/figure><\/div><div class=\"swiper-slide\" role=\"group\" aria-roledescription=\"slide\" aria-label=\"7 de 7\"><figure class=\"swiper-slide-inner\"><img decoding=\"async\" class=\"swiper-slide-image\" src=\"https:\/\/sushinara.com.br\/2025\/wp-content\/uploads\/2025\/02\/IMG_7710-1290x725.jpg\" alt=\"IMG_7710\" \/><\/figure><\/div>\t\t\t<\/div>\n\t\t\t\t\t\t\t\t\t\t\t\t<div class=\"elementor-swiper-button elementor-swiper-button-prev\" role=\"button\" tabindex=\"0\">\n\t\t\t\t\t\t<i aria-hidden=\"true\" class=\"eicon-chevron-left\"><\/i>\t\t\t\t\t<\/div>\n\t\t\t\t\t<div class=\"elementor-swiper-button elementor-swiper-button-next\" role=\"button\" tabindex=\"0\">\n\t\t\t\t\t\t<i aria-hidden=\"true\" class=\"eicon-chevron-right\"><\/i>\t\t\t\t\t<\/div>\n\t\t\t\t\n\t\t\t\t\t\t\t\t\t<div class=\"swiper-pagination\"><\/div>\n\t\t\t\t\t\t\t\t\t<\/div>\n\t\t\t\t\t\t<\/div>\n\t\t\t\t<\/div>\n\t\t\t\t\t<\/div>\n\t\t<\/div>\n\t\t\t\t\t<\/div>\n\t\t<\/section>\n\t\t\t\t<section class=\"elementor-section elementor-top-section elementor-element elementor-element-21007b6 elementor-section-boxed elementor-section-height-default elementor-section-height-default sc_fly_static\" data-id=\"21007b6\" data-element_type=\"section\" data-settings=\"{&quot;background_background&quot;:&quot;classic&quot;}\">\n\t\t\t\t\t\t\t<div class=\"elementor-background-overlay\"><\/div>\n\t\t\t\t\t\t\t<div class=\"elementor-container elementor-column-gap-extended\">\n\t\t\t\t\t<div class=\"elementor-column elementor-col-100 elementor-top-column elementor-element elementor-element-cfe325e sc_content_align_inherit sc_layouts_column_icons_position_left sc_fly_static\" data-id=\"cfe325e\" data-element_type=\"column\">\n\t\t\t<div class=\"elementor-widget-wrap elementor-element-populated\">\n\t\t\t\t\t\t<section class=\"elementor-section-with-custom-width elementor-section elementor-inner-section elementor-element elementor-element-154b1c3 elementor-section-boxed elementor-section-height-default elementor-section-height-default sc_fly_static\" data-id=\"154b1c3\" data-element_type=\"section\">\n\t\t\t\t\t\t<div class=\"elementor-container elementor-column-gap-no\">\n\t\t\t\t\t<div class=\"elementor-column elementor-col-100 elementor-inner-column elementor-element elementor-element-2f48f13 sc_content_align_inherit sc_layouts_column_icons_position_left sc_fly_static\" data-id=\"2f48f13\" data-element_type=\"column\">\n\t\t\t<div class=\"elementor-widget-wrap elementor-element-populated\">\n\t\t\t\t\t\t<div class=\"elementor-element elementor-element-9a9945c sc_layouts_hide_on_mobile sc_fly_static elementor-widget elementor-widget-spacer\" data-id=\"9a9945c\" data-element_type=\"widget\" data-widget_type=\"spacer.default\">\n\t\t\t\t<div class=\"elementor-widget-container\">\n\t\t\t\t\t\t\t<div class=\"elementor-spacer\">\n\t\t\t<div class=\"elementor-spacer-inner\"><\/div>\n\t\t<\/div>\n\t\t\t\t\t\t<\/div>\n\t\t\t\t<\/div>\n\t\t\t\t<div class=\"elementor-element elementor-element-a82c94e elementor-widget__width-initial sc_fly_static elementor-widget elementor-widget-trx_sc_title\" data-id=\"a82c94e\" data-element_type=\"widget\" data-widget_type=\"trx_sc_title.default\">\n\t\t\t\t<div class=\"elementor-widget-container\">\n\t\t\t\t\t<div\t\tclass=\"sc_title sc_title_default\" ><h4 class=\"sc_item_title sc_title_title sc_item_title_style_default sc_item_title_tag\"\n\t\t\t><span class=\"sc_item_title_text\">Delivery Sushinara Express<\/span><\/h4><\/div>\t\t\t\t<\/div>\n\t\t\t\t<\/div>\n\t\t\t\t<div class=\"elementor-element elementor-element-dbb0ab3 elementor-widget__width-initial sc_fly_static elementor-widget elementor-widget-text-editor\" data-id=\"dbb0ab3\" data-element_type=\"widget\" data-widget_type=\"text-editor.default\">\n\t\t\t\t<div class=\"elementor-widget-container\">\n\t\t\t\t\t\t\t\t\t<p>A Unidade Sushinara Express atende toda a opera\u00e7\u00e3o Delivery do restaurante, oferecendo tamb\u00e9m a op\u00e7\u00e3o de retirada no local.<\/p><p>Recentemente, ampliamos a unidade para receber voc\u00ea que deseja um lugar diferente do shopping, com um card\u00e1pio selecionado e a mesma qualidade de sempre<\/p>\t\t\t\t\t\t\t\t<\/div>\n\t\t\t\t<\/div>\n\t\t\t\t<div class=\"elementor-element elementor-element-0594ee0 elementor-widget__width-initial scheme_light sc_fly_static elementor-widget elementor-widget-spacer\" data-id=\"0594ee0\" data-element_type=\"widget\" data-widget_type=\"spacer.default\">\n\t\t\t\t<div class=\"elementor-widget-container\">\n\t\t\t\t\t\t\t<div class=\"elementor-spacer\">\n\t\t\t<div class=\"elementor-spacer-inner\"><\/div>\n\t\t<\/div>\n\t\t\t\t\t\t<\/div>\n\t\t\t\t<\/div>\n\t\t\t\t<div class=\"elementor-element elementor-element-8278c1d elementor-widget__width-initial sc_fly_static elementor-widget elementor-widget-trx_sc_icons\" data-id=\"8278c1d\" data-element_type=\"widget\" data-widget_type=\"trx_sc_icons.default\">\n\t\t\t\t<div class=\"elementor-widget-container\">\n\t\t\t\t\t<div \tclass=\"sc_icons sc_icons_simple sc_icons_size_small sc_align_none\" ><div class=\"sc_icons_item sc_icons_item_linked\"><div class=\"sc_icons_icon sc_icon_type_ icon-pin\" ><span class=\"sc_icon_type_ icon-pin\"><\/span><\/div><div class=\"sc_icons_item_details\"><div class=\"sc_icons_item_description\"><span>Rua Jos\u00e9 da Concei\u00e7\u00e3o, 180 - Angola - Betim\/MG<\/span><\/div><a href=\"https:\/\/maps.app.goo.gl\/GJnPGEryy6hcKc6X7\"\r\n                        class=\"sc_icons_item_link\">\r\n                        <\/a><\/div><\/div><div class=\"sc_icons_item sc_icons_item_linked\"><div class=\"sc_icons_icon sc_icon_type_ icon-menu-foodie\" ><span class=\"sc_icon_type_ icon-menu-foodie\"><\/span><\/div><div class=\"sc_icons_item_details\"><div class=\"sc_icons_item_description\"><span>CARD\u00c1PIO<\/span><\/div><a href=\"http:\/\/www.sushinara.com.br\/cardapio\/cardapiodelivery.pdf\"\r\n                        class=\"sc_icons_item_link\">\r\n                        <\/a><\/div><\/div><div class=\"sc_icons_item sc_icons_item_linked\"><div class=\"sc_icons_icon sc_icon_type_ icon-comment-empty\" ><span class=\"sc_icon_type_ icon-comment-empty\"><\/span><\/div><div class=\"sc_icons_item_details\"><div class=\"sc_icons_item_description\"><span>WHATSAPP<\/span><\/div><a href=\"http:\/\/wa.me\/553135444444\"\r\n                        class=\"sc_icons_item_link\">\r\n                        <\/a><\/div><\/div><div class=\"sc_icons_item sc_icons_item_linked\"><div class=\"sc_icons_icon sc_icon_type_ icon-instagramm\" ><span class=\"sc_icon_type_ icon-instagramm\"><\/span><\/div><div class=\"sc_icons_item_details\"><div class=\"sc_icons_item_description\"><span>INSTAGRAM<\/span><\/div><a href=\"https:\/\/www.instagram.com\/sushinara.express\"\r\n                        class=\"sc_icons_item_link\">\r\n                        <\/a><\/div><\/div><\/div><!-- \/.sc_icons -->\t\t\t\t<\/div>\n\t\t\t\t<\/div>\n\t\t\t\t<div class=\"elementor-element elementor-element-b424da0 elementor-widget__width-initial scheme_light sc_fly_static elementor-widget elementor-widget-spacer\" data-id=\"b424da0\" data-element_type=\"widget\" data-widget_type=\"spacer.default\">\n\t\t\t\t<div class=\"elementor-widget-container\">\n\t\t\t\t\t\t\t<div class=\"elementor-spacer\">\n\t\t\t<div class=\"elementor-spacer-inner\"><\/div>\n\t\t<\/div>\n\t\t\t\t\t\t<\/div>\n\t\t\t\t<\/div>\n\t\t\t\t\t<\/div>\n\t\t<\/div>\n\t\t\t\t\t<\/div>\n\t\t<\/section>\n\t\t\t\t\t<\/div>\n\t\t<\/div>\n\t\t\t\t\t<\/div>\n\t\t<\/section>\n\t\t\t\t<section class=\"elementor-section elementor-top-section elementor-element elementor-element-b35b84a elementor-section-full_width elementor-section-height-default elementor-section-height-default sc_fly_static\" data-id=\"b35b84a\" data-element_type=\"section\" data-settings=\"{&quot;background_background&quot;:&quot;classic&quot;}\">\n\t\t\t\t\t\t<div class=\"elementor-container elementor-column-gap-no\">\n\t\t\t\t\t<div class=\"elementor-column elementor-col-100 elementor-top-column elementor-element elementor-element-d92b45a sc_content_align_inherit sc_layouts_column_icons_position_left sc_fly_static\" data-id=\"d92b45a\" data-element_type=\"column\">\n\t\t\t<div class=\"elementor-widget-wrap elementor-element-populated\">\n\t\t\t\t\t\t<div class=\"elementor-element elementor-element-0a4c225 sc_fly_static elementor-widget elementor-widget-trx_sc_googlemap\" data-id=\"0a4c225\" data-element_type=\"widget\" data-widget_type=\"trx_sc_googlemap.default\">\n\t\t\t\t<div class=\"elementor-widget-container\">\n\t\t\t\t\t<div id=\"sc_googlemap_290272120_wrap\" class=\"sc_googlemap_wrap\"><div id=\"sc_googlemap_290272120\"\t\t\tclass=\"sc_item_content sc_map sc_googlemap sc_googlemap_default trx_addons_inline_370432191\"\n\t\t\t \t\t\tdata-zoom=\"16\"\n\t\t\tdata-center=\"\"\n\t\t\tdata-style=\"extra\"\n\t\t\tdata-map-id=\"\"\n\t\t\tdata-cluster-icon=\"\"\n\t\t\t><iframe\n\t\t\t\t\t\tsrc=\"https:\/\/maps.google.com\/maps?t=m&output=embed&iwloc=near&z=16&q=19%C2%B0+57%27+46.3%22+S%2C+44%C2%B0+12%27+2.3%22+W\"\n\t\t\t\t\t\taria-label=\"\"><\/iframe><\/div><\/div>\t\t\t\t<\/div>\n\t\t\t\t<\/div>\n\t\t\t\t\t<\/div>\n\t\t<\/div>\n\t\t\t\t\t<\/div>\n\t\t<\/section>\n\t\t\t\t<\/div>\n\t\t","protected":false},"excerpt":{"rendered":"<p>Delivery Sushinara Express A Unidade Sushinara Express atende toda a opera\u00e7\u00e3o Delivery do restaurante, oferecendo tamb\u00e9m a op\u00e7\u00e3o de retirada no local. Recentemente, ampliamos a unidade para receber voc\u00ea que&hellip;<\/p>\n","protected":false},"author":1,"featured_media":0,"parent":0,"menu_order":0,"comment_status":"closed","ping_status":"closed","template":"","meta":{"footnotes":""},"class_list":["post-20327","page","type-page","status-publish","hentry"],"_links":{"self":[{"href":"https:\/\/sushinara.com.br\/2025\/wp-json\/wp\/v2\/pages\/20327","targetHints":{"allow":["GET"]}}],"collection":[{"href":"https:\/\/sushinara.com.br\/2025\/wp-json\/wp\/v2\/pages"}],"about":[{"href":"https:\/\/sushinara.com.br\/2025\/wp-json\/wp\/v2\/types\/page"}],"author":[{"embeddable":true,"href":"https:\/\/sushinara.com.br\/2025\/wp-json\/wp\/v2\/users\/1"}],"replies":[{"embeddable":true,"href":"https:\/\/sushinara.com.br\/2025\/wp-json\/wp\/v2\/comments?post=20327"}],"version-history":[{"count":36,"href":"https:\/\/sushinara.com.br\/2025\/wp-json\/wp\/v2\/pages\/20327\/revisions"}],"predecessor-version":[{"id":20449,"href":"https:\/\/sushinara.com.br\/2025\/wp-json\/wp\/v2\/pages\/20327\/revisions\/20449"}],"wp:attachment":[{"href":"https:\/\/sushinara.com.br\/2025\/wp-json\/wp\/v2\/media?parent=20327"}],"curies":[{"name":"wp","href":"https:\/\/api.w.org\/{rel}","templated":true}]}}