{"id":20427,"date":"2025-08-16T13:04:56","date_gmt":"2025-08-16T13:04:56","guid":{"rendered":"https:\/\/sushinara.com.br\/2025\/?page_id=20427"},"modified":"2025-09-15T20:27:47","modified_gmt":"2025-09-15T20:27:47","slug":"eventos","status":"publish","type":"page","link":"https:\/\/sushinara.com.br\/2025\/eventos\/","title":{"rendered":"Eventos"},"content":{"rendered":"\t\t<div data-elementor-type=\"wp-page\" data-elementor-id=\"20427\" class=\"elementor elementor-20427\">\n\t\t\t\t\t\t<section class=\"elementor-section elementor-top-section elementor-element elementor-element-99ca5cb elementor-section-boxed elementor-section-height-default elementor-section-height-default sc_fly_static\" data-id=\"99ca5cb\" data-element_type=\"section\">\n\t\t\t\t\t\t<div class=\"elementor-container elementor-column-gap-extended\">\n\t\t\t\t\t<div class=\"elementor-column elementor-col-100 elementor-top-column elementor-element elementor-element-15c438b sc_content_align_inherit sc_layouts_column_icons_position_left sc_fly_static\" data-id=\"15c438b\" data-element_type=\"column\">\n\t\t\t<div class=\"elementor-widget-wrap elementor-element-populated\">\n\t\t\t\t\t\t<div class=\"elementor-element elementor-element-516b7fb sc_fly_static elementor-widget elementor-widget-heading\" data-id=\"516b7fb\" data-element_type=\"widget\" data-widget_type=\"heading.default\">\n\t\t\t\t<div class=\"elementor-widget-container\">\n\t\t\t\t\t<h2 class=\"elementor-heading-title elementor-size-default\">Seu evento merece um sabor inesquec\u00edvel! <\/h2>\t\t\t\t<\/div>\n\t\t\t\t<\/div>\n\t\t\t\t\t<\/div>\n\t\t<\/div>\n\t\t\t\t\t<\/div>\n\t\t<\/section>\n\t\t\t\t<section class=\"elementor-section elementor-top-section elementor-element elementor-element-427c84c elementor-section-boxed elementor-section-height-default elementor-section-height-default sc_fly_static\" data-id=\"427c84c\" data-element_type=\"section\">\n\t\t\t\t\t\t<div class=\"elementor-container elementor-column-gap-extended\">\n\t\t\t\t\t<div class=\"elementor-column elementor-col-100 elementor-top-column elementor-element elementor-element-aba336d sc_content_align_inherit sc_layouts_column_icons_position_left sc_fly_static\" data-id=\"aba336d\" data-element_type=\"column\">\n\t\t\t<div class=\"elementor-widget-wrap elementor-element-populated\">\n\t\t\t\t\t\t<div class=\"elementor-element elementor-element-944b053 sc_fly_static elementor-widget elementor-widget-spacer\" data-id=\"944b053\" data-element_type=\"widget\" data-widget_type=\"spacer.default\">\n\t\t\t\t<div class=\"elementor-widget-container\">\n\t\t\t\t\t\t\t<div class=\"elementor-spacer\">\n\t\t\t<div class=\"elementor-spacer-inner\"><\/div>\n\t\t<\/div>\n\t\t\t\t\t\t<\/div>\n\t\t\t\t<\/div>\n\t\t\t\t\t<\/div>\n\t\t<\/div>\n\t\t\t\t\t<\/div>\n\t\t<\/section>\n\t\t\t\t<section class=\"elementor-section elementor-top-section elementor-element elementor-element-bcb443d elementor-section-boxed elementor-section-height-default elementor-section-height-default sc_fly_static\" data-id=\"bcb443d\" data-element_type=\"section\">\n\t\t\t\t\t\t<div class=\"elementor-container elementor-column-gap-extended\">\n\t\t\t\t\t<div class=\"elementor-column elementor-col-33 elementor-top-column elementor-element elementor-element-7c0846e sc_content_align_inherit sc_layouts_column_icons_position_left sc_fly_static\" data-id=\"7c0846e\" data-element_type=\"column\">\n\t\t\t<div class=\"elementor-widget-wrap elementor-element-populated\">\n\t\t\t\t\t\t<div class=\"elementor-element elementor-element-5955d92 sc_fly_static elementor-widget elementor-widget-video\" data-id=\"5955d92\" data-element_type=\"widget\" data-settings=\"{&quot;video_type&quot;:&quot;hosted&quot;,&quot;autoplay&quot;:&quot;yes&quot;,&quot;controls&quot;:&quot;yes&quot;}\" data-widget_type=\"video.default\">\n\t\t\t\t<div class=\"elementor-widget-container\">\n\t\t\t\t\t\t\t<div class=\"e-hosted-video elementor-wrapper elementor-open-inline\">\n\t\t\t\t\t<video class=\"elementor-video\" src=\"https:\/\/sushinara.com.br\/2025\/wp-content\/uploads\/2025\/09\/sushinara_eventos.mp4\" autoplay=\"\" controls=\"\" controlsList=\"nodownload\"><\/video>\n\t\t\t\t<\/div>\n\t\t\t\t\t\t<\/div>\n\t\t\t\t<\/div>\n\t\t\t\t\t<\/div>\n\t\t<\/div>\n\t\t\t\t<div class=\"elementor-column elementor-col-33 elementor-top-column elementor-element elementor-element-94bd803 sc_content_align_inherit sc_layouts_column_icons_position_left sc_fly_static\" data-id=\"94bd803\" data-element_type=\"column\">\n\t\t\t<div class=\"elementor-widget-wrap elementor-element-populated\">\n\t\t\t\t\t\t<div class=\"elementor-element elementor-element-dd92d12 sc_fly_static elementor-widget elementor-widget-image-gallery\" data-id=\"dd92d12\" data-element_type=\"widget\" data-widget_type=\"image-gallery.default\">\n\t\t\t\t<div class=\"elementor-widget-container\">\n\t\t\t\t\t\t\t<div class=\"elementor-image-gallery\">\n\t\t\t<div id='gallery-1' class='gallery galleryid-20427 gallery-columns-1 gallery-size-thumbnail'><figure class='gallery-item'>\n\t\t\t<div class='gallery-icon portrait'>\n\t\t\t\t<a  href='https:\/\/sushinara.com.br\/2025\/wp-content\/uploads\/2025\/09\/eventossushinara3.jpg'><img decoding=\"async\" width=\"150\" height=\"150\" src=\"https:\/\/sushinara.com.br\/2025\/wp-content\/uploads\/2025\/09\/eventossushinara3-150x150.jpg\" class=\"attachment-thumbnail size-thumbnail\" alt=\"\" srcset=\"https:\/\/sushinara.com.br\/2025\/wp-content\/uploads\/2025\/09\/eventossushinara3-150x150.jpg 150w, https:\/\/sushinara.com.br\/2025\/wp-content\/uploads\/2025\/09\/eventossushinara3-120x120.jpg 120w, https:\/\/sushinara.com.br\/2025\/wp-content\/uploads\/2025\/09\/eventossushinara3-370x370.jpg 370w\" sizes=\"(max-width: 150px) 100vw, 150px\" \/><\/a>\n\t\t\t<\/div><\/figure><figure class='gallery-item'>\n\t\t\t<div class='gallery-icon landscape'>\n\t\t\t\t<a  href='https:\/\/sushinara.com.br\/2025\/wp-content\/uploads\/2025\/09\/eventossushinara5.jpg'><img decoding=\"async\" width=\"150\" height=\"150\" src=\"https:\/\/sushinara.com.br\/2025\/wp-content\/uploads\/2025\/09\/eventossushinara5-150x150.jpg\" class=\"attachment-thumbnail size-thumbnail\" alt=\"\" srcset=\"https:\/\/sushinara.com.br\/2025\/wp-content\/uploads\/2025\/09\/eventossushinara5-150x150.jpg 150w, https:\/\/sushinara.com.br\/2025\/wp-content\/uploads\/2025\/09\/eventossushinara5-120x120.jpg 120w, https:\/\/sushinara.com.br\/2025\/wp-content\/uploads\/2025\/09\/eventossushinara5-370x370.jpg 370w\" sizes=\"(max-width: 150px) 100vw, 150px\" \/><\/a>\n\t\t\t<\/div><\/figure><figure class='gallery-item'>\n\t\t\t<div class='gallery-icon portrait'>\n\t\t\t\t<a  href='https:\/\/sushinara.com.br\/2025\/wp-content\/uploads\/2025\/09\/eventossushinara4.jpg'><img decoding=\"async\" width=\"150\" height=\"150\" src=\"https:\/\/sushinara.com.br\/2025\/wp-content\/uploads\/2025\/09\/eventossushinara4-150x150.jpg\" class=\"attachment-thumbnail size-thumbnail\" alt=\"\" srcset=\"https:\/\/sushinara.com.br\/2025\/wp-content\/uploads\/2025\/09\/eventossushinara4-150x150.jpg 150w, https:\/\/sushinara.com.br\/2025\/wp-content\/uploads\/2025\/09\/eventossushinara4-120x120.jpg 120w, https:\/\/sushinara.com.br\/2025\/wp-content\/uploads\/2025\/09\/eventossushinara4-370x370.jpg 370w\" sizes=\"(max-width: 150px) 100vw, 150px\" \/><\/a>\n\t\t\t<\/div><\/figure>\n\t\t<\/div>\n\t\t<\/div>\n\t\t\t\t\t\t<\/div>\n\t\t\t\t<\/div>\n\t\t\t\t\t<\/div>\n\t\t<\/div>\n\t\t\t\t<div class=\"elementor-column elementor-col-33 elementor-top-column elementor-element elementor-element-53d4dd5 sc_content_align_inherit sc_layouts_column_icons_position_left sc_fly_static\" data-id=\"53d4dd5\" data-element_type=\"column\">\n\t\t\t<div class=\"elementor-widget-wrap elementor-element-populated\">\n\t\t\t\t\t\t<div class=\"elementor-element elementor-element-068b7b4 elementor-widget__width-initial sc_fly_static elementor-widget elementor-widget-text-editor\" data-id=\"068b7b4\" data-element_type=\"widget\" data-widget_type=\"text-editor.default\">\n\t\t\t\t<div class=\"elementor-widget-container\">\n\t\t\t\t\t\t\t\t\t<p data-start=\"193\" data-end=\"368\"><span style=\"font-size: 17px; letter-spacing: 0px;\">Chega de festas iguais.<\/span><\/p>\t\t\t\t\t\t\t\t<\/div>\n\t\t\t\t<\/div>\n\t\t\t\t<div class=\"elementor-element elementor-element-84bb48d elementor-widget__width-initial sc_fly_static elementor-widget elementor-widget-text-editor\" data-id=\"84bb48d\" data-element_type=\"widget\" data-widget_type=\"text-editor.default\">\n\t\t\t\t<div class=\"elementor-widget-container\">\n\t\t\t\t\t\t\t\t\t<p data-start=\"283\" data-end=\"416\"><strong data-start=\"285\" data-end=\"414\">Surpreenda seus convidados com o sabor da culin\u00e1ria japonesa no seu anivers\u00e1rio, casamento, reuni\u00e3o ou evento corporativo.<\/strong><\/p><p data-start=\"418\" data-end=\"728\">Nosso buffet vai muito al\u00e9m de servir comida: ele cria uma atmosfera \u00fanica, onde cada detalhe importa. Sushis preparados na hora, sashimis que derretem suavemente na boca e temakis elaborados para oferecer frescor, eleg\u00e2ncia e impacto visual inesquec\u00edvel.<\/p><p data-start=\"730\" data-end=\"1058\"><strong data-start=\"733\" data-end=\"788\">Mais que um card\u00e1pio, uma performance gastron\u00f4mica.<\/strong> A cada pe\u00e7a, t\u00e9cnica e arte se encontram para transformar seu evento em uma verdadeira experi\u00eancia sensorial. O corte preciso, o brilho do peixe fresco, a harmonia das cores e o aroma dos temperos despertam a curiosidade, envolvem os sentidos e convidam \u00e0 celebra\u00e7\u00e3o.<\/p><p data-start=\"1060\" data-end=\"1377\"><strong data-start=\"1063\" data-end=\"1110\">Versatilidade que se adapta ao seu momento.<\/strong> Seja em um jantar intimista, um casamento sofisticado, uma festa vibrante ou um encontro corporativo de alto n\u00edvel, nosso buffet japon\u00eas eleva o padr\u00e3o de qualquer ocasi\u00e3o, encantando convidados e criando mem\u00f3rias que permanecem muito al\u00e9m da \u00faltima ta\u00e7a de saqu\u00ea.<\/p><p data-start=\"1379\" data-end=\"1506\">Mais do que comida, \u00e9 <strong data-start=\"1401\" data-end=\"1456\">uma experi\u00eancia completa de cultura, energia e arte<\/strong>, levada at\u00e9 voc\u00ea com exclusividade e dedica\u00e7\u00e3o.\u00a0<span style=\"font-size: 17px; letter-spacing: 0px;\">Transforme seu evento em algo memor\u00e1vel com a for\u00e7a da gastronomia japonesa. Seus convidados n\u00e3o v\u00e3o apenas comer: v\u00e3o se encantar.<\/span><\/p>\t\t\t\t\t\t\t\t<\/div>\n\t\t\t\t<\/div>\n\t\t\t\t<div class=\"elementor-element elementor-element-4c0916b elementor-align-center sc_fly_static elementor-widget elementor-widget-button\" data-id=\"4c0916b\" data-element_type=\"widget\" data-widget_type=\"button.default\">\n\t\t\t\t<div class=\"elementor-widget-container\">\n\t\t\t\t\t\t\t\t\t<div class=\"elementor-button-wrapper\">\n\t\t\t\t\t<a class=\"elementor-button elementor-button-link elementor-size-sm\" href=\"https:\/\/wa.me\/5531983549222\">\n\t\t\t\t\t\t<span class=\"elementor-button-content-wrapper\">\n\t\t\t\t\t\t\t\t\t<span class=\"elementor-button-text\">Pe\u00e7a um or\u00e7amento.<\/span>\n\t\t\t\t\t<\/span>\n\t\t\t\t\t<\/a>\n\t\t\t\t<\/div>\n\t\t\t\t\t\t\t\t<\/div>\n\t\t\t\t<\/div>\n\t\t\t\t\t<\/div>\n\t\t<\/div>\n\t\t\t\t\t<\/div>\n\t\t<\/section>\n\t\t\t\t<section class=\"elementor-section elementor-top-section elementor-element elementor-element-bae1242 elementor-section-boxed elementor-section-height-default elementor-section-height-default sc_fly_static\" data-id=\"bae1242\" data-element_type=\"section\">\n\t\t\t\t\t\t<div class=\"elementor-container elementor-column-gap-extended\">\n\t\t\t\t\t<div class=\"elementor-column elementor-col-100 elementor-top-column elementor-element elementor-element-ab04db8 sc_content_align_inherit sc_layouts_column_icons_position_left sc_fly_static\" data-id=\"ab04db8\" data-element_type=\"column\">\n\t\t\t<div class=\"elementor-widget-wrap elementor-element-populated\">\n\t\t\t\t\t\t<div class=\"elementor-element elementor-element-c1d43e7 sc_fly_static elementor-widget elementor-widget-spacer\" data-id=\"c1d43e7\" data-element_type=\"widget\" data-widget_type=\"spacer.default\">\n\t\t\t\t<div class=\"elementor-widget-container\">\n\t\t\t\t\t\t\t<div class=\"elementor-spacer\">\n\t\t\t<div class=\"elementor-spacer-inner\"><\/div>\n\t\t<\/div>\n\t\t\t\t\t\t<\/div>\n\t\t\t\t<\/div>\n\t\t\t\t\t<\/div>\n\t\t<\/div>\n\t\t\t\t\t<\/div>\n\t\t<\/section>\n\t\t\t\t<\/div>\n\t\t","protected":false},"excerpt":{"rendered":"<p>Seu evento merece um sabor inesquec\u00edvel! https:\/\/sushinara.com.br\/2025\/wp-content\/uploads\/2025\/09\/sushinara_eventos.mp4 Chega de festas iguais. Surpreenda seus convidados com o sabor da culin\u00e1ria japonesa no seu anivers\u00e1rio, casamento, reuni\u00e3o ou evento corporativo. Nosso buffet&hellip;<\/p>\n","protected":false},"author":1,"featured_media":0,"parent":0,"menu_order":0,"comment_status":"closed","ping_status":"closed","template":"","meta":{"footnotes":""},"class_list":["post-20427","page","type-page","status-publish","hentry"],"_links":{"self":[{"href":"https:\/\/sushinara.com.br\/2025\/wp-json\/wp\/v2\/pages\/20427","targetHints":{"allow":["GET"]}}],"collection":[{"href":"https:\/\/sushinara.com.br\/2025\/wp-json\/wp\/v2\/pages"}],"about":[{"href":"https:\/\/sushinara.com.br\/2025\/wp-json\/wp\/v2\/types\/page"}],"author":[{"embeddable":true,"href":"https:\/\/sushinara.com.br\/2025\/wp-json\/wp\/v2\/users\/1"}],"replies":[{"embeddable":true,"href":"https:\/\/sushinara.com.br\/2025\/wp-json\/wp\/v2\/comments?post=20427"}],"version-history":[{"count":11,"href":"https:\/\/sushinara.com.br\/2025\/wp-json\/wp\/v2\/pages\/20427\/revisions"}],"predecessor-version":[{"id":20473,"href":"https:\/\/sushinara.com.br\/2025\/wp-json\/wp\/v2\/pages\/20427\/revisions\/20473"}],"wp:attachment":[{"href":"https:\/\/sushinara.com.br\/2025\/wp-json\/wp\/v2\/media?parent=20427"}],"curies":[{"name":"wp","href":"https:\/\/api.w.org\/{rel}","templated":true}]}}