{"id":3750,"date":"2020-05-26T12:53:00","date_gmt":"2020-05-26T12:53:00","guid":{"rendered":"https:\/\/sushinara.com.br\/2025\/?page_id=3750"},"modified":"2025-03-12T19:00:39","modified_gmt":"2025-03-12T19:00:39","slug":"grupo-nara","status":"publish","type":"page","link":"https:\/\/sushinara.com.br\/2025\/grupo-nara\/","title":{"rendered":"Grupo Nara"},"content":{"rendered":"\t\t<div data-elementor-type=\"wp-page\" data-elementor-id=\"3750\" class=\"elementor elementor-3750\">\n\t\t\t\t\t\t<section class=\"elementor-section elementor-top-section elementor-element elementor-element-aff6ffd elementor-section-boxed elementor-section-height-default elementor-section-height-default sc_fly_static\" data-id=\"aff6ffd\" data-element_type=\"section\" data-settings=\"{&quot;background_background&quot;:&quot;classic&quot;}\">\n\t\t\t\t\t\t<div class=\"elementor-container elementor-column-gap-extended\">\n\t\t\t\t\t<div class=\"elementor-column elementor-col-100 elementor-top-column elementor-element elementor-element-6e309d8 sc_content_align_inherit sc_layouts_column_icons_position_left sc_fly_static\" data-id=\"6e309d8\" data-element_type=\"column\">\n\t\t\t<div class=\"elementor-widget-wrap\">\n\t\t\t\t\t\t\t<\/div>\n\t\t<\/div>\n\t\t\t\t\t<\/div>\n\t\t<\/section>\n\t\t\t\t<section class=\"elementor-section elementor-top-section elementor-element elementor-element-aa19c6e elementor-section-boxed elementor-section-height-default elementor-section-height-default sc_fly_static\" data-id=\"aa19c6e\" data-element_type=\"section\">\n\t\t\t\t\t\t<div class=\"elementor-container elementor-column-gap-extended\">\n\t\t\t\t\t<div class=\"elementor-column elementor-col-100 elementor-top-column elementor-element elementor-element-df3d675 sc_content_align_inherit sc_layouts_column_icons_position_left sc_fly_static\" data-id=\"df3d675\" data-element_type=\"column\">\n\t\t\t<div class=\"elementor-widget-wrap elementor-element-populated\">\n\t\t\t\t\t\t<div class=\"elementor-element elementor-element-86f48ae sc_fly_static elementor-widget elementor-widget-trx_sc_title\" data-id=\"86f48ae\" data-element_type=\"widget\" data-widget_type=\"trx_sc_title.default\">\n\t\t\t\t<div class=\"elementor-widget-container\">\n\t\t\t\t\t<div\t\tclass=\"sc_title color_style_link2 sc_title_default\" ><h1 class=\"sc_item_title sc_title_title sc_item_title_style_default sc_item_title_tag\"\n\t\t\t><span class=\"sc_item_title_text\">Conhe\u00e7a o Grupo Nara<\/span><\/h1><\/div>\t\t\t\t<\/div>\n\t\t\t\t<\/div>\n\t\t\t\t<div class=\"elementor-element elementor-element-5a01d71 sc_height_small sc_fly_static elementor-widget elementor-widget-spacer\" data-id=\"5a01d71\" data-element_type=\"widget\" data-widget_type=\"spacer.default\">\n\t\t\t\t<div class=\"elementor-widget-container\">\n\t\t\t\t\t\t\t<div class=\"elementor-spacer\">\n\t\t\t<div class=\"elementor-spacer-inner\"><\/div>\n\t\t<\/div>\n\t\t\t\t\t\t<\/div>\n\t\t\t\t<\/div>\n\t\t\t\t<section class=\"elementor-section elementor-inner-section elementor-element elementor-element-b9c58e8 elementor-section-boxed elementor-section-height-default elementor-section-height-default sc_fly_static\" data-id=\"b9c58e8\" data-element_type=\"section\">\n\t\t\t\t\t\t<div class=\"elementor-container elementor-column-gap-no\">\n\t\t\t\t\t<div class=\"elementor-column elementor-col-50 elementor-inner-column elementor-element elementor-element-9b92d8a sc_content_align_inherit sc_layouts_column_icons_position_left sc_fly_static\" data-id=\"9b92d8a\" data-element_type=\"column\">\n\t\t\t<div class=\"elementor-widget-wrap elementor-element-populated\">\n\t\t\t\t\t\t<div class=\"elementor-element elementor-element-b7a0012 elementor-widget__width-initial sc_fly_static elementor-widget elementor-widget-text-editor\" data-id=\"b7a0012\" data-element_type=\"widget\" data-widget_type=\"text-editor.default\">\n\t\t\t\t<div class=\"elementor-widget-container\">\n\t\t\t\t\t\t\t\t\t<p>O grupo Nara nasceu de uma amizade entre Indianara e Taynara, desde o tempo da faculdade de enfermagem em 2006 que &#8211; por uma brincadeira e por apreciarem comida japonesa &#8211; come\u00e7aram a se aventurar em aprender a fazer em casa para os amigos, fazendo disso uma possibilidade de custear seus estudos.\u00a0<span style=\"background-color: var(--theme-color-bg_color); color: var(--theme-color-text); font-size: 17px; letter-spacing: 0px;\">Ent\u00e3o tiveram a ideia de fazer bandejinhas de sushi para venda em padaria e posto de conveni\u00eancia. Al\u00e9m disso faziam noites japonesas em v\u00e1rios estabelecimentos comerciais da cidade de Betim.<\/span><\/p><p><span style=\"font-size: 17px; background-color: var(--theme-color-bg_color); color: var(--theme-color-text); letter-spacing: 0px;\">Em 2010, nasce o Sushinara no bairro Angola, unidade pioneira focada apenas em delivery e atendimento expresso. Em 2012 foi inaugurada a primeira unidade com atendimento presencial em restaurante. Novos desafios surgiram, como entregar qualidade de uma culin\u00e1ria oriental \u00e0 la carte &#8211; que era o requinte que ambas acreditavam e a culin\u00e1ria exigia.<\/span><\/p><p>Em 2015, inaugurou o Sushinara Premium, segunda unidade das s\u00f3cias, situada no Shopping Monte Carmo em Betim. Um n\u00edvel de excel\u00eancia ainda maior era exigido e a responsabilidade de manter uma marca \u00e9tica e leal para com os seus clientes sempre foi o maior compromisso dessa empresa.<\/p><p>Em 2020 o Brasil \u00e9 acometido por uma pandemia. A unidade de rua come\u00e7a a operar com uma reformula\u00e7\u00e3o do projeto, deixando de ser culin\u00e1ria japonesa e se tornando uma marca l\u00edder em gastrobar na regi\u00e3o: surge o Nara Ribs, uma costelaria charmosa num estilo de grande tend\u00eancia urban jungle. O delivery do Sushinara se torna uma opera\u00e7\u00e3o desmembrada da unidade do shopping, com um espa\u00e7o pr\u00f3prio no bairro Angola.<\/p><p>Tamb\u00e9m em 2020 nasce mais um integrante do Grupo Nara, o Instituto Nara s\u00canior, um lar de repouso em um seguimento de presta\u00e7\u00e3o de servi\u00e7os que as s\u00f3cias, enfermeiras por forma\u00e7\u00e3o, se tornam respons\u00e1veis t\u00e9cnicas pelo empreendimento. S\u00e3o prestados servi\u00e7os \u00e0 pessoa idosa com o compromisso de gerar qualidade de vida para a terceira idade e seus familiares.<\/p><p>Atualmente o Grupo Nara atua com a vis\u00e3o de \u201cconstruir em ecossistema que ajude a gerar qualidade de vida e bem estar em todos os seus campos de atua\u00e7\u00e3o, bem como alavancar oportunidades para seus colaboradores que buscam crescimento \u00e9tico e profissional junto com a marca\u201d.<\/p>\t\t\t\t\t\t\t\t<\/div>\n\t\t\t\t<\/div>\n\t\t\t\t\t<\/div>\n\t\t<\/div>\n\t\t\t\t<div class=\"elementor-column elementor-col-50 elementor-inner-column elementor-element elementor-element-7b7a47c sc_content_align_inherit sc_layouts_column_icons_position_left sc_fly_static\" data-id=\"7b7a47c\" data-element_type=\"column\">\n\t\t\t<div class=\"elementor-widget-wrap elementor-element-populated\">\n\t\t\t\t\t\t<div class=\"elementor-element elementor-element-941b6a3 sc_fly_static elementor-widget elementor-widget-image\" data-id=\"941b6a3\" data-element_type=\"widget\" data-widget_type=\"image.default\">\n\t\t\t\t<div class=\"elementor-widget-container\">\n\t\t\t\t\t\t\t\t\t\t\t\t\t\t\t<img fetchpriority=\"high\" decoding=\"async\" width=\"576\" height=\"1024\" src=\"https:\/\/sushinara.com.br\/2025\/wp-content\/uploads\/2025\/02\/IMG_9680-576x1024.jpeg\" class=\"attachment-large size-large wp-image-20221\" alt=\"\" srcset=\"https:\/\/sushinara.com.br\/2025\/wp-content\/uploads\/2025\/02\/IMG_9680-576x1024.jpeg 576w, https:\/\/sushinara.com.br\/2025\/wp-content\/uploads\/2025\/02\/IMG_9680-169x300.jpeg 169w, https:\/\/sushinara.com.br\/2025\/wp-content\/uploads\/2025\/02\/IMG_9680-768x1365.jpeg 768w, https:\/\/sushinara.com.br\/2025\/wp-content\/uploads\/2025\/02\/IMG_9680-864x1536.jpeg 864w, https:\/\/sushinara.com.br\/2025\/wp-content\/uploads\/2025\/02\/IMG_9680-1152x2048.jpeg 1152w, https:\/\/sushinara.com.br\/2025\/wp-content\/uploads\/2025\/02\/IMG_9680-370x658.jpeg 370w, https:\/\/sushinara.com.br\/2025\/wp-content\/uploads\/2025\/02\/IMG_9680-840x1493.jpeg 840w, https:\/\/sushinara.com.br\/2025\/wp-content\/uploads\/2025\/02\/IMG_9680-410x729.jpeg 410w, https:\/\/sushinara.com.br\/2025\/wp-content\/uploads\/2025\/02\/IMG_9680-600x1067.jpeg 600w, https:\/\/sushinara.com.br\/2025\/wp-content\/uploads\/2025\/02\/IMG_9680-scaled.jpeg 1440w\" sizes=\"(max-width: 600px) 100vw, 576px\" \/>\t\t\t\t\t\t\t\t\t\t\t\t\t\t\t<\/div>\n\t\t\t\t<\/div>\n\t\t\t\t\t<\/div>\n\t\t<\/div>\n\t\t\t\t\t<\/div>\n\t\t<\/section>\n\t\t\t\t\t<\/div>\n\t\t<\/div>\n\t\t\t\t\t<\/div>\n\t\t<\/section>\n\t\t\t\t<\/div>\n\t\t","protected":false},"excerpt":{"rendered":"<p>Conhe\u00e7a o Grupo Nara O grupo Nara nasceu de uma amizade entre Indianara e Taynara, desde o tempo da faculdade de enfermagem em 2006 que &#8211; por uma brincadeira e&hellip;<\/p>\n","protected":false},"author":1,"featured_media":0,"parent":0,"menu_order":0,"comment_status":"closed","ping_status":"closed","template":"","meta":{"footnotes":""},"class_list":["post-3750","page","type-page","status-publish","hentry"],"_links":{"self":[{"href":"https:\/\/sushinara.com.br\/2025\/wp-json\/wp\/v2\/pages\/3750","targetHints":{"allow":["GET"]}}],"collection":[{"href":"https:\/\/sushinara.com.br\/2025\/wp-json\/wp\/v2\/pages"}],"about":[{"href":"https:\/\/sushinara.com.br\/2025\/wp-json\/wp\/v2\/types\/page"}],"author":[{"embeddable":true,"href":"https:\/\/sushinara.com.br\/2025\/wp-json\/wp\/v2\/users\/1"}],"replies":[{"embeddable":true,"href":"https:\/\/sushinara.com.br\/2025\/wp-json\/wp\/v2\/comments?post=3750"}],"version-history":[{"count":11,"href":"https:\/\/sushinara.com.br\/2025\/wp-json\/wp\/v2\/pages\/3750\/revisions"}],"predecessor-version":[{"id":20362,"href":"https:\/\/sushinara.com.br\/2025\/wp-json\/wp\/v2\/pages\/3750\/revisions\/20362"}],"wp:attachment":[{"href":"https:\/\/sushinara.com.br\/2025\/wp-json\/wp\/v2\/media?parent=3750"}],"curies":[{"name":"wp","href":"https:\/\/api.w.org\/{rel}","templated":true}]}}